{"id":1181,"date":"2024-11-08T02:52:58","date_gmt":"2024-11-08T02:52:58","guid":{"rendered":"https:\/\/sitio24.gloce.mx\/?post_type=product&#038;p=1181"},"modified":"2024-11-13T23:05:24","modified_gmt":"2024-11-13T23:05:24","slug":"folios-de-registro-internacional-para-entidades-con-licencia-internacional-para-emitir-certificados-internacionales-eng-2","status":"publish","type":"product","link":"https:\/\/sitio24.gloce.mx\/index.php\/en\/product\/folios-de-registro-internacional-para-entidades-con-licencia-internacional-para-emitir-certificados-internacionales-eng-2\/","title":{"rendered":"Folios de Registro Internacional para Entidades con Licencia Internacional para Emitir Certificados Internacionales ENG"},"content":{"rendered":"<p><strong>Folios de Registro Internacional para Entidades con Licencia Internacional para Emitir Certificados Internacionales, que permite validar el evento, tema, categor\u00eda o nombre de la persona a quien le fue dirigido dicho documento: (Todos con Registro en el Sistema de Validaci\u00f3n y Certificaci\u00f3n Mundial).<\/strong><\/p>\n<ul>\n<li>Emisiones<strong> de 101 a 1000 Certificados Internacionales <\/strong>con Folio de Registro Personal.<\/li>\n<li><strong>$2,000.00<\/strong> por cada uno<\/li>\n<\/ul>\n","protected":false},"excerpt":{"rendered":"<p><strong>Folios de Registro Internacional para Entidades con Licencia Internacional para Emitir Certificados Internacionales.<\/strong><\/p>\n<ul>\n<li>Emisiones<strong> de 101 a 1000 Certificados Internacionales <\/strong>con Folio de Registro Personal.<\/li>\n<\/ul>\n","protected":false},"featured_media":1198,"comment_status":"open","ping_status":"closed","template":"","meta":[],"product_cat":[41,34],"product_tag":[],"class_list":{"0":"post-1181","1":"product","2":"type-product","3":"status-publish","4":"has-post-thumbnail","6":"product_cat-gloce-eng","7":"product_cat-uncategorized-en","9":"first","10":"instock","11":"virtual","12":"purchasable","13":"product-type-simple"},"group_of_quantity":0,"min_quantity":101,"max_quantity":1000,"exclude_order_quantity_value_rules":"no","exclude_category_quantity_rules":"no","combine_variations":"no","lang":"en","translations":{"en":1181,"es":902},"jetpack_sharing_enabled":true,"pll_sync_post":[],"_links":{"self":[{"href":"https:\/\/sitio24.gloce.mx\/index.php\/wp-json\/wp\/v2\/product\/1181","targetHints":{"allow":["GET"]}}],"collection":[{"href":"https:\/\/sitio24.gloce.mx\/index.php\/wp-json\/wp\/v2\/product"}],"about":[{"href":"https:\/\/sitio24.gloce.mx\/index.php\/wp-json\/wp\/v2\/types\/product"}],"replies":[{"embeddable":true,"href":"https:\/\/sitio24.gloce.mx\/index.php\/wp-json\/wp\/v2\/comments?post=1181"}],"version-history":[{"count":3,"href":"https:\/\/sitio24.gloce.mx\/index.php\/wp-json\/wp\/v2\/product\/1181\/revisions"}],"predecessor-version":[{"id":1222,"href":"https:\/\/sitio24.gloce.mx\/index.php\/wp-json\/wp\/v2\/product\/1181\/revisions\/1222"}],"wp:featuredmedia":[{"embeddable":true,"href":"https:\/\/sitio24.gloce.mx\/index.php\/wp-json\/wp\/v2\/media\/1198"}],"wp:attachment":[{"href":"https:\/\/sitio24.gloce.mx\/index.php\/wp-json\/wp\/v2\/media?parent=1181"}],"wp:term":[{"taxonomy":"product_cat","embeddable":true,"href":"https:\/\/sitio24.gloce.mx\/index.php\/wp-json\/wp\/v2\/product_cat?post=1181"},{"taxonomy":"product_tag","embeddable":true,"href":"https:\/\/sitio24.gloce.mx\/index.php\/wp-json\/wp\/v2\/product_tag?post=1181"}],"curies":[{"name":"wp","href":"https:\/\/api.w.org\/{rel}","templated":true}]}}