{"id":1186,"date":"2024-11-08T02:54:41","date_gmt":"2024-11-08T02:54:41","guid":{"rendered":"https:\/\/sitio24.gloce.mx\/?post_type=product&#038;p=1186"},"modified":"2024-11-12T21:35:24","modified_gmt":"2024-11-12T21:35:24","slug":"licencias-internacionales-para-instituciones-educativas-y-organizaciones-empresariales-eng","status":"publish","type":"product","link":"http:\/\/sitio24.gloce.mx\/index.php\/en\/product\/licencias-internacionales-para-instituciones-educativas-y-organizaciones-empresariales-eng\/","title":{"rendered":"Licencias Internacionales para Instituciones Educativas y Organizaciones Empresariales ENG"},"content":{"rendered":"<p><strong>Tu Mejor Inversi\u00f3n para darle valor a los que haces y desarrollas:<\/strong><\/p>\n<p><strong>Licencias Internacionales para Instituciones Educativas y Organizaciones Empresariales; as\u00ed como para Profesionales en su Ramo o Sector:<\/strong><\/p>\n<ul>\n<li>Inversi\u00f3n por la Licencia: <strong>$39,000.00 (inversi\u00f3n inicial \u00fanico de registro)<\/strong><\/li>\n<li>Vigencia: <strong>60 meses<\/strong><\/li>\n<li>Renovaci\u00f3n:<strong> $29,000.00<\/strong><\/li>\n<\/ul>\n","protected":false},"excerpt":{"rendered":"<p><strong>Licencias Internacionales para Instituciones Educativas y Organizaciones Empresariales; as\u00ed como para Profesionales en su Ramo o Sector.<\/strong><\/p>\n","protected":false},"featured_media":1196,"comment_status":"open","ping_status":"closed","template":"","meta":[],"product_cat":[41],"product_tag":[],"class_list":{"0":"post-1186","1":"product","2":"type-product","3":"status-publish","4":"has-post-thumbnail","6":"product_cat-gloce-eng","8":"first","9":"instock","10":"virtual","11":"purchasable","12":"product-type-simple"},"group_of_quantity":0,"min_quantity":0,"max_quantity":"","exclude_order_quantity_value_rules":"no","exclude_category_quantity_rules":"no","combine_variations":"no","lang":"en","translations":{"en":1186,"es":895},"jetpack_sharing_enabled":true,"pll_sync_post":[],"_links":{"self":[{"href":"http:\/\/sitio24.gloce.mx\/index.php\/wp-json\/wp\/v2\/product\/1186","targetHints":{"allow":["GET"]}}],"collection":[{"href":"http:\/\/sitio24.gloce.mx\/index.php\/wp-json\/wp\/v2\/product"}],"about":[{"href":"http:\/\/sitio24.gloce.mx\/index.php\/wp-json\/wp\/v2\/types\/product"}],"replies":[{"embeddable":true,"href":"http:\/\/sitio24.gloce.mx\/index.php\/wp-json\/wp\/v2\/comments?post=1186"}],"version-history":[{"count":1,"href":"http:\/\/sitio24.gloce.mx\/index.php\/wp-json\/wp\/v2\/product\/1186\/revisions"}],"predecessor-version":[{"id":1187,"href":"http:\/\/sitio24.gloce.mx\/index.php\/wp-json\/wp\/v2\/product\/1186\/revisions\/1187"}],"wp:featuredmedia":[{"embeddable":true,"href":"http:\/\/sitio24.gloce.mx\/index.php\/wp-json\/wp\/v2\/media\/1196"}],"wp:attachment":[{"href":"http:\/\/sitio24.gloce.mx\/index.php\/wp-json\/wp\/v2\/media?parent=1186"}],"wp:term":[{"taxonomy":"product_cat","embeddable":true,"href":"http:\/\/sitio24.gloce.mx\/index.php\/wp-json\/wp\/v2\/product_cat?post=1186"},{"taxonomy":"product_tag","embeddable":true,"href":"http:\/\/sitio24.gloce.mx\/index.php\/wp-json\/wp\/v2\/product_tag?post=1186"}],"curies":[{"name":"wp","href":"https:\/\/api.w.org\/{rel}","templated":true}]}}